{"id":50,"date":"2020-04-22T15:37:36","date_gmt":"2020-04-22T13:37:36","guid":{"rendered":"http:\/\/ndp-enghien.org\/job\/?page_id=50"},"modified":"2020-04-27T18:04:23","modified_gmt":"2020-04-27T16:04:23","slug":"candidature-spontanee","status":"publish","type":"page","link":"http:\/\/ndp-enghien.org\/job\/index.php\/candidature-spontanee\/","title":{"rendered":"Candidature spontan\u00e9e"},"content":{"rendered":"\n<div class=\"wpcf7 no-js\" id=\"wpcf7-f56-o1\" lang=\"fr-FR\" dir=\"ltr\" data-wpcf7-id=\"56\">\n<div class=\"screen-reader-response\"><p role=\"status\" aria-live=\"polite\" aria-atomic=\"true\"><\/p> <ul><\/ul><\/div>\n<form action=\"\/job\/index.php\/wp-json\/wp\/v2\/pages\/50#wpcf7-f56-o1\" method=\"post\" class=\"wpcf7-form init\" aria-label=\"Formulaire de contact\" enctype=\"multipart\/form-data\" novalidate=\"novalidate\" data-status=\"init\">\n<fieldset class=\"hidden-fields-container\"><input type=\"hidden\" name=\"_wpcf7\" value=\"56\" \/><input type=\"hidden\" name=\"_wpcf7_version\" value=\"6.1.5\" \/><input type=\"hidden\" name=\"_wpcf7_locale\" value=\"fr_FR\" \/><input type=\"hidden\" name=\"_wpcf7_unit_tag\" value=\"wpcf7-f56-o1\" \/><input type=\"hidden\" name=\"_wpcf7_container_post\" value=\"0\" \/><input type=\"hidden\" name=\"_wpcf7_posted_data_hash\" value=\"\" \/><input type=\"hidden\" name=\"_wpcf7cf_hidden_group_fields\" value=\"[]\" \/><input type=\"hidden\" name=\"_wpcf7cf_hidden_groups\" value=\"[]\" \/><input type=\"hidden\" name=\"_wpcf7cf_visible_groups\" value=\"[]\" \/><input type=\"hidden\" name=\"_wpcf7cf_repeaters\" value=\"[]\" \/><input type=\"hidden\" name=\"_wpcf7cf_steps\" value=\"{}\" \/><input type=\"hidden\" name=\"_wpcf7cf_options\" value=\"{&quot;form_id&quot;:56,&quot;conditions&quot;:[{&quot;then_field&quot;:&quot;group-919&quot;,&quot;and_rules&quot;:[{&quot;if_field&quot;:&quot;radio-322&quot;,&quot;operator&quot;:&quot;equals&quot;,&quot;if_value&quot;:&quot;Enseignant&quot;}]},{&quot;then_field&quot;:&quot;group-628&quot;,&quot;and_rules&quot;:[{&quot;if_field&quot;:&quot;radio-322&quot;,&quot;operator&quot;:&quot;equals&quot;,&quot;if_value&quot;:&quot;Agent administratif&quot;}]},{&quot;then_field&quot;:&quot;group-501&quot;,&quot;and_rules&quot;:[{&quot;if_field&quot;:&quot;radio-322&quot;,&quot;operator&quot;:&quot;equals&quot;,&quot;if_value&quot;:&quot;Agent technique&quot;}]},{&quot;then_field&quot;:&quot;group-959&quot;,&quot;and_rules&quot;:[{&quot;if_field&quot;:&quot;radio-322&quot;,&quot;operator&quot;:&quot;equals&quot;,&quot;if_value&quot;:&quot;Agent de maintenance&quot;}]},{&quot;then_field&quot;:&quot;group-875&quot;,&quot;and_rules&quot;:[{&quot;if_field&quot;:&quot;radio-322&quot;,&quot;operator&quot;:&quot;equals&quot;,&quot;if_value&quot;:&quot;Agent de restauration&quot;}]},{&quot;then_field&quot;:&quot;group-282&quot;,&quot;and_rules&quot;:[{&quot;if_field&quot;:&quot;radio-322&quot;,&quot;operator&quot;:&quot;equals&quot;,&quot;if_value&quot;:&quot;\\u00c9ducateur&quot;}]}],&quot;settings&quot;:{&quot;animation&quot;:&quot;yes&quot;,&quot;animation_intime&quot;:200,&quot;animation_outtime&quot;:200,&quot;conditions_ui&quot;:&quot;normal&quot;,&quot;notice_dismissed&quot;:false}}\" \/>\n<\/fieldset>\n<p><label> Votre nom (obligatoire)<br \/>\n<span class=\"wpcf7-form-control-wrap\" data-name=\"your-name\"><input size=\"40\" maxlength=\"400\" class=\"wpcf7-form-control wpcf7-text wpcf7-validates-as-required\" aria-required=\"true\" aria-invalid=\"false\" value=\"\" type=\"text\" name=\"your-name\" \/><\/span> <\/label>\n<\/p>\n<p><label> Votre pr\u00e9nom (obligatoire)<br \/>\n<span class=\"wpcf7-form-control-wrap\" data-name=\"your-surname\"><input size=\"40\" maxlength=\"400\" class=\"wpcf7-form-control wpcf7-text wpcf7-validates-as-required\" aria-required=\"true\" aria-invalid=\"false\" value=\"\" type=\"text\" name=\"your-surname\" \/><\/span> <\/label>\n<\/p>\n<p><label> Votre adresse de messagerie (obligatoire)<br \/>\n<span class=\"wpcf7-form-control-wrap\" data-name=\"your-email\"><input size=\"40\" maxlength=\"400\" class=\"wpcf7-form-control wpcf7-email wpcf7-validates-as-required wpcf7-text wpcf7-validates-as-email\" aria-required=\"true\" aria-invalid=\"false\" value=\"\" type=\"email\" name=\"your-email\" \/><\/span> <\/label>\n<\/p>\n<p><label> Pour quel type de poste souhaitez-vous postuler ? (obligatoire)<\/label><br \/>\n<span class=\"wpcf7-form-control-wrap\" data-name=\"radio-322\"><span class=\"wpcf7-form-control wpcf7-radio\"><span class=\"wpcf7-list-item first\"><input type=\"radio\" name=\"radio-322\" value=\"Enseignant\" \/><span class=\"wpcf7-list-item-label\">Enseignant<\/span><\/span><span class=\"wpcf7-list-item\"><input type=\"radio\" name=\"radio-322\" value=\"\u00c9ducateur\" \/><span class=\"wpcf7-list-item-label\">\u00c9ducateur<\/span><\/span><span class=\"wpcf7-list-item\"><input type=\"radio\" name=\"radio-322\" value=\"Agent technique\" \/><span class=\"wpcf7-list-item-label\">Agent technique<\/span><\/span><span class=\"wpcf7-list-item\"><input type=\"radio\" name=\"radio-322\" value=\"Agent administratif\" \/><span class=\"wpcf7-list-item-label\">Agent administratif<\/span><\/span><span class=\"wpcf7-list-item\"><input type=\"radio\" name=\"radio-322\" value=\"Agent de maintenance\" \/><span class=\"wpcf7-list-item-label\">Agent de maintenance<\/span><\/span><span class=\"wpcf7-list-item last\"><input type=\"radio\" name=\"radio-322\" value=\"Agent de restauration\" \/><span class=\"wpcf7-list-item-label\">Agent de restauration<\/span><\/span><\/span><\/span>\n<\/p>\n<div data-id=\"group-282\" data-orig_data_id=\"group-282\"  class=\"\" data-class=\"wpcf7cf_group\">\n\t<p><label> Veuillez pr\u00e9ciser : (obligatoire)<\/label><br \/>\n<span class=\"wpcf7-form-control-wrap\" data-name=\"menu-294\"><select class=\"wpcf7-form-control wpcf7-select wpcf7-validates-as-required\" aria-required=\"true\" aria-invalid=\"false\" name=\"menu-294\"><option value=\"\">&#8212;Veuillez choisir une option&#8212;<\/option><option value=\"Educateur de vie scolaire\">Educateur de vie scolaire<\/option><option value=\"Coordinateur de vie scolaire\">Coordinateur de vie scolaire<\/option><option value=\"Ressources \u00e9ducatives\">Ressources \u00e9ducatives<\/option><option value=\"Surveillant de DS\">Surveillant de DS<\/option><\/select><\/span>\n\t<\/p>\n<\/div>\n<div data-id=\"group-919\" data-orig_data_id=\"group-919\"  class=\"\" data-class=\"wpcf7cf_group\">\n\t<p><label> Pour quelle mati\u00e8re ? (obligatoire)<\/label><br \/>\n<span class=\"wpcf7-form-control-wrap\" data-name=\"menu-152\"><select class=\"wpcf7-form-control wpcf7-select wpcf7-validates-as-required\" aria-required=\"true\" aria-invalid=\"false\" name=\"menu-152\"><option value=\"\">&#8212;Veuillez choisir une option&#8212;<\/option><option value=\"Allemand\">Allemand<\/option><option value=\"Anglais\">Anglais<\/option><option value=\"Art musical\">Art musical<\/option><option value=\"Arts plastiques\">Arts plastiques<\/option><option value=\"Biblioth\u00e9caire\">Biblioth\u00e9caire<\/option><option value=\"Chimie\">Chimie<\/option><option value=\"Education Physique et Sportive\">Education Physique et Sportive<\/option><option value=\"Chinois\">Chinois<\/option><option value=\"Espagnol\">Espagnol<\/option><option value=\"Fran\u00e7ais\">Fran\u00e7ais<\/option><option value=\"Histoire G\u00e9ographie\">Histoire G\u00e9ographie<\/option><option value=\"Math\u00e9matiques\">Math\u00e9matiques<\/option><option value=\"Philosophie\">Philosophie<\/option><option value=\"Sciences physiques\">Sciences physiques<\/option><option value=\"SVT\">SVT<\/option><option value=\"Technologie\">Technologie<\/option><\/select><\/span>\n\t<\/p>\n<\/div>\n<div data-id=\"group-628\" data-orig_data_id=\"group-628\"  class=\"\" data-class=\"wpcf7cf_group\">\n\t<p><label> Veuillez pr\u00e9ciser : (obligatoire)<\/label><br \/>\n<span class=\"wpcf7-form-control-wrap\" data-name=\"menu-76\"><select class=\"wpcf7-form-control wpcf7-select wpcf7-validates-as-required\" aria-required=\"true\" aria-invalid=\"false\" name=\"menu-76\"><option value=\"\">&#8212;Veuillez choisir une option&#8212;<\/option><option value=\"Secr\u00e9tariat\">Secr\u00e9tariat<\/option><option value=\"Comptabilit\u00e9\">Comptabilit\u00e9<\/option><option value=\"Ressources Humaines\">Ressources Humaines<\/option><option value=\"H\u00f4tesse d&#039;accueil\">H\u00f4tesse d&#039;accueil<\/option><\/select><\/span>\n\t<\/p>\n<\/div>\n<div data-id=\"group-501\" data-orig_data_id=\"group-501\"  class=\"\" data-class=\"wpcf7cf_group\">\n\t<p><label> Veuillez pr\u00e9ciser : (obligatoire)<\/label><br \/>\n<span class=\"wpcf7-form-control-wrap\" data-name=\"menu-172\"><select class=\"wpcf7-form-control wpcf7-select\" aria-invalid=\"false\" name=\"menu-172\"><option value=\"\">&#8212;Veuillez choisir une option&#8212;<\/option><option value=\"Informatique\">Informatique<\/option><option value=\"S\u00e9curit\u00e9\/Suret\u00e9\">S\u00e9curit\u00e9\/Suret\u00e9<\/option><\/select><\/span>\n\t<\/p>\n<\/div>\n<div data-id=\"group-959\" data-orig_data_id=\"group-959\"  class=\"\" data-class=\"wpcf7cf_group\">\n\t<p><label> Veuillez pr\u00e9ciser : (obligatoire)<\/label><br \/>\n<span class=\"wpcf7-form-control-wrap\" data-name=\"menu-361\"><select class=\"wpcf7-form-control wpcf7-select\" aria-invalid=\"false\" name=\"menu-361\"><option value=\"\">&#8212;Veuillez choisir une option&#8212;<\/option><option value=\"Nettoyage\">Nettoyage<\/option><option value=\"Maintenance\">Maintenance<\/option><\/select><\/span>\n\t<\/p>\n<\/div>\n<div data-id=\"group-875\" data-orig_data_id=\"group-875\"  class=\"\" data-class=\"wpcf7cf_group\">\n\t<p><label> Veuillez pr\u00e9ciser : (obligatoire)<\/label><br \/>\n<span class=\"wpcf7-form-control-wrap\" data-name=\"menu-691\"><select class=\"wpcf7-form-control wpcf7-select\" aria-invalid=\"false\" name=\"menu-691\"><option value=\"\">&#8212;Veuillez choisir une option&#8212;<\/option><option value=\"Agent de cuisine\">Agent de cuisine<\/option><option value=\"Agent de service\">Agent de service<\/option><\/select><\/span>\n\t<\/p>\n<\/div>\n<p><label> Votre CV en PDF (obligatoire)<br \/>\n<span class=\"wpcf7-form-control-wrap\" data-name=\"cv\"><input size=\"40\" class=\"wpcf7-form-control wpcf7-file wpcf7-validates-as-required\" accept=\"audio\/*,video\/*,image\/*\" aria-required=\"true\" aria-invalid=\"false\" type=\"file\" name=\"cv\" \/><\/span> <\/label>\n<\/p>\n<p><label> Votre lettre de motivation en PDF<br \/>\n<span class=\"wpcf7-form-control-wrap\" data-name=\"lettre-motivation\"><input size=\"40\" class=\"wpcf7-form-control wpcf7-file\" accept=\"audio\/*,video\/*,image\/*\" aria-invalid=\"false\" type=\"file\" name=\"lettre-motivation\" \/><\/span> <\/label>\n<\/p>\n<p><label> Votre message (obligatoire)<br \/>\n<span class=\"wpcf7-form-control-wrap\" data-name=\"your-message\"><textarea cols=\"40\" rows=\"10\" maxlength=\"2000\" class=\"wpcf7-form-control wpcf7-textarea wpcf7-validates-as-required\" aria-required=\"true\" aria-invalid=\"false\" name=\"your-message\"><\/textarea><\/span> <\/label>\n<\/p>\n<p style=\"color:red;font-weight: bold;font-size: 1.2em;\">Note information \"Protection des donn\u00e9es personnelles\" :\n<\/p>\n<p style=\"color:red;\">Les informations \u00e0 caract\u00e8res personnelles seront gard\u00e9es un an. Le candidat pourra durant cette p\u00e9riode \u00eatre recontact\u00e9 par l'\u00e9tablissement. Les informations seront d\u00e9truites \u00e0 l'issus de cette p\u00e9riode sans traces ou stockage.\n<\/p>\n<p><span class=\"wpcf7-form-control-wrap\" data-name=\"checkbox-449\"><span class=\"wpcf7-form-control wpcf7-checkbox wpcf7-validates-as-required\"><span class=\"wpcf7-list-item first last\"><input type=\"checkbox\" name=\"checkbox-449[]\" value=\"Vous certifiez avoir lu et \u00eatre en accord avec la note d&#039;information sur la protection des donn\u00e9es personnelles (obligatoire)\" \/><span class=\"wpcf7-list-item-label\">Vous certifiez avoir lu et \u00eatre en accord avec la note d&#039;information sur la protection des donn\u00e9es personnelles (obligatoire)<\/span><\/span><\/span><\/span>\n<\/p>\n<p><input class=\"wpcf7-form-control wpcf7-submit has-spinner\" type=\"submit\" value=\"Envoyer\" \/>\n<\/p><input type='hidden' class='wpcf7-pum' value='{\"closepopup\":false,\"closedelay\":0,\"openpopup\":false,\"openpopup_id\":0}' \/><div class=\"wpcf7-response-output\" aria-hidden=\"true\"><\/div>\n<\/form>\n<\/div>\n\n\n\n\n<p><\/p>\n","protected":false},"excerpt":{"rendered":"","protected":false},"author":1,"featured_media":0,"parent":0,"menu_order":0,"comment_status":"closed","ping_status":"closed","template":"","meta":{"footnotes":""},"class_list":["post-50","page","type-page","status-publish","hentry"],"_links":{"self":[{"href":"http:\/\/ndp-enghien.org\/job\/index.php\/wp-json\/wp\/v2\/pages\/50","targetHints":{"allow":["GET"]}}],"collection":[{"href":"http:\/\/ndp-enghien.org\/job\/index.php\/wp-json\/wp\/v2\/pages"}],"about":[{"href":"http:\/\/ndp-enghien.org\/job\/index.php\/wp-json\/wp\/v2\/types\/page"}],"author":[{"embeddable":true,"href":"http:\/\/ndp-enghien.org\/job\/index.php\/wp-json\/wp\/v2\/users\/1"}],"replies":[{"embeddable":true,"href":"http:\/\/ndp-enghien.org\/job\/index.php\/wp-json\/wp\/v2\/comments?post=50"}],"version-history":[{"count":2,"href":"http:\/\/ndp-enghien.org\/job\/index.php\/wp-json\/wp\/v2\/pages\/50\/revisions"}],"predecessor-version":[{"id":57,"href":"http:\/\/ndp-enghien.org\/job\/index.php\/wp-json\/wp\/v2\/pages\/50\/revisions\/57"}],"wp:attachment":[{"href":"http:\/\/ndp-enghien.org\/job\/index.php\/wp-json\/wp\/v2\/media?parent=50"}],"curies":[{"name":"wp","href":"https:\/\/api.w.org\/{rel}","templated":true}]}}