{"id":1622,"date":"2025-03-20T18:36:17","date_gmt":"2025-03-20T17:36:17","guid":{"rendered":"https:\/\/ndp-enghien.org\/Newsite\/?page_id=1622"},"modified":"2026-01-23T16:26:47","modified_gmt":"2026-01-23T15:26:47","slug":"inscriptions-closes","status":"publish","type":"page","link":"https:\/\/ndp-enghien.org\/Newsite\/inscriptions-closes\/","title":{"rendered":"Inscriptions closes"},"content":{"rendered":"\n<p style=\"text-align: center;\"><span style=\"font-family: 'trebuchet ms', geneva, sans-serif; font-size: 14pt; color: #000000;\">Les inscriptions pour le Coll\u00e8ge Lyc\u00e9e Notre-Dame Providence pour la <strong><u>rentr\u00e9e 2026 sont closes.<\/u><\/strong><\/span><strong><u><br \/><\/u><\/strong><\/p>\n<p style=\"text-align: center;\"><span style=\"font-family: 'trebuchet ms', geneva, sans-serif;\"><strong>\u00a0Les inscriptions pour la rentr\u00e9e 2027 seront en ligne courant Octobre 2026<\/strong><\/span><\/p>\n<p><span style=\"font-family: 'trebuchet ms', geneva, sans-serif;\">\u00a0<\/span><span style=\"font-family: 'trebuchet ms', geneva, sans-serif;\"><br \/><\/span><\/p>\n\n\n\n<p><em>Vous pouvez t\u00e9l\u00e9charger un calculateur de coefficient familial et de frais de scolarit\u00e9 (montants des frais de scolarit\u00e9&nbsp;<\/em><strong><em>pour information<\/em><\/strong><em>) :<\/em><\/p>\n\n\n\n<ul class=\"wp-block-list\">\n<li><em><a href=\"https:\/\/ndp-enghien.org\/Newsite\/wp-content\/uploads\/2025\/04\/Calcul-du-QF-ECOLE.xlsx\" target=\"_blank\" rel=\"noreferrer noopener\">Tableau de calcul<\/a><\/em> ECOLE<\/li>\n\n\n\n<li><em><a href=\"https:\/\/ndp-enghien.org\/Newsite\/wp-content\/uploads\/2025\/04\/Calcul-du-QF-COLL-LYC.xlsx\" target=\"_blank\" rel=\"noreferrer noopener\">Tableau de calcul<\/a><\/em>  COLLEGE LYCEE<\/li>\n\n\n\n<li><a href=\"https:\/\/ndp-enghien.org\/Newsite\/wp-content\/uploads\/2024\/10\/notice.pdf\" target=\"_blank\" rel=\"noreferrer noopener\"><em>Notice<\/em><\/a> <em>du tableau de calcul<\/em><\/li>\n<\/ul>\n\n\n\n<p><\/p>\n","protected":false},"excerpt":{"rendered":"<p>Les inscriptions pour le Coll\u00e8ge Lyc\u00e9e Notre-Dame Providence pour la rentr\u00e9e 2026 sont closes. \u00a0Les inscriptions pour la rentr\u00e9e 2027 seront en ligne courant Octobre 2026 \u00a0 Vous pouvez t\u00e9l\u00e9charger un calculateur de coefficient familial et de frais de scolarit\u00e9 (montants des frais de scolarit\u00e9&nbsp;pour information) :<\/p>\n","protected":false},"author":1,"featured_media":0,"parent":0,"menu_order":0,"comment_status":"closed","ping_status":"closed","template":"","meta":{"footnotes":""},"class_list":["post-1622","page","type-page","status-publish","hentry"],"_links":{"self":[{"href":"https:\/\/ndp-enghien.org\/Newsite\/wp-json\/wp\/v2\/pages\/1622","targetHints":{"allow":["GET"]}}],"collection":[{"href":"https:\/\/ndp-enghien.org\/Newsite\/wp-json\/wp\/v2\/pages"}],"about":[{"href":"https:\/\/ndp-enghien.org\/Newsite\/wp-json\/wp\/v2\/types\/page"}],"author":[{"embeddable":true,"href":"https:\/\/ndp-enghien.org\/Newsite\/wp-json\/wp\/v2\/users\/1"}],"replies":[{"embeddable":true,"href":"https:\/\/ndp-enghien.org\/Newsite\/wp-json\/wp\/v2\/comments?post=1622"}],"version-history":[{"count":5,"href":"https:\/\/ndp-enghien.org\/Newsite\/wp-json\/wp\/v2\/pages\/1622\/revisions"}],"predecessor-version":[{"id":1733,"href":"https:\/\/ndp-enghien.org\/Newsite\/wp-json\/wp\/v2\/pages\/1622\/revisions\/1733"}],"wp:attachment":[{"href":"https:\/\/ndp-enghien.org\/Newsite\/wp-json\/wp\/v2\/media?parent=1622"}],"curies":[{"name":"wp","href":"https:\/\/api.w.org\/{rel}","templated":true}]}}