{"id":306,"date":"2024-06-07T11:39:39","date_gmt":"2024-06-07T09:39:39","guid":{"rendered":"https:\/\/ndp-enghien.org\/Newsite\/?page_id=306"},"modified":"2026-03-19T10:50:24","modified_gmt":"2026-03-19T09:50:24","slug":"copie-pas-de-titre","status":"publish","type":"page","link":"https:\/\/ndp-enghien.org\/Newsite\/","title":{"rendered":"Accueil"},"content":{"rendered":"\n<link rel=\"stylesheet\" href=\"boot.css\">\n<link rel=\"stylesheet\" href=\"bootstrap.css\">\n<link rel=\"stylesheet\" href=\"master.css\">\n\n<script src=\"jquery.jqdock.min.js\"><\/script>\n\n<div class=\"col-md-12 col-xs-12\" style=\"border-width:0px; margin-top:10px;\">\n\n    <div class=\"col-md-9 col-xs-12\" style=\"border-width:0px;\">\n\n        <!-- Vid\u00e9o -->\n        <div class=\"col-md-11 col-xs-11 video-container responsive-video\" style=\"border-width: 0px;\">\n            <iframe style=\"width: 100%; height: 92%;\" src=\"https:\/\/www.youtube.com\/embed\/Mfy50qYgGMY?autoplay=1&#038;loop=1&#038;mute=1&#038;playlist=Mfy50qYgGMY\" frameborder=\"0\" allowfullscreen allow=\"autoplay;\"><\/iframe>\n\n        <\/div>\n\n        <style type=\"text\/css\">\n            .responsive-video {\n                height: 0;\n                padding-top: 56.25%;\n                position: relative;\n            }\n\n            .responsive-video iframe {\n                width: 100%;\n                height: 100%;\n                position: absolute;\n                top: 0;\n                left: 0;\n            }\n\n            .vert.briquenoanimation {\n                margin-top: 0;\n                padding-bottom: 0;\n            }\n\n            @media screen and (max-width: 767px) {\n                .col-md-9.col-xs-12 {\n                    margin-bottom: 15px;\n                }\n\n                .briquenoanimation.rouge,\n                .briquenoanimation.bleu {\n                    width: 40%;\n                    display: inline-block;\n                    margin-right: 2%;\n                }\n            }\n\n           \/* Supprimer les soulignements des liens *\/\n           a {\n           text-decoration: none;\n           }\n        \n           \/* Emp\u00eacher que les liens changent de couleur au survol *\/\n           a:hover {\n           color: inherit; \/* Conserve la couleur de texte par d\u00e9faut *\/\n           }\n        <\/style>\n\n    <\/div>\n\n    <div class=\"col-md-3 col-xs-12\" style=\"border-width:0px;\">\n\n        <!-- Bloc blog actualit\u00e9s-->\n        <div class=\"col-md-12 col-xs-12 vert briquenoanimation\"\n             style=\"padding-bottom:330px; margin-top:0px; height:445px;border-width:0px; text-align:center; width: 318px\">\n            <a href=\"https:\/\/ndp-enghien.org\/mag\/\" target=\"_blank\" rel=\"noopener\"><img decoding=\"async\" class=\"imgblog\" src=\"images\/mag5.png\" style=\"margin-bottom:5px;\"><\/a>\n            <!-- Flux RSS Blog -->\n            <!-- start feedwind code --> <script type=\"text\/javascript\"\n                                                 src=\"https:\/\/feed.mikle.com\/js\/fw-loader.js\" preloader-text=\"Loading\" data-fw-param=\"164516\/\"><\/script>\n            <!-- end feedwind code -->\n            <!--Please display the above link in your web page according to Terms of Service.-->\n        <\/div> <!-- end feedwind code -->\n    <\/div>\n<\/div>\n\n\n<div class=\"col-md-12 col-xs-12\" style=\"margin-top: 10px;\">\n\n    <div class=\"col-md-3 col-xs-12\" style=\"border-width:0px;text-align:center; margin-right:5.8%;\">\n\n        <!-- Inscription -->\n        <div class=\"col-md-8 brique rouge col-xs-8\"\n             style=\"border-width:0px; margin-top:14px; margin-right:5%; text-align:center; height:215px; width:61%; \">\n            <a href=\"https:\/\/ndp-enghien.org\/Newsite\/inscriptions-closes\/\" target=\"_blank\" rel=\"noopener\">\n                <img decoding=\"async\" class=\"image\" src=\"images\/inscription.gif\"width=\"44%\">\n                Inscription<\/a>\n        <\/div>\n\n        <div class=\"col-md-4 col-xs-4 \" style=\"border-width:0px;\">\n\n            <!-- APEL -->\n            <div class=\"col-md-12 brique col-xs-12 vert\"\n                 style=\"padding: 5px 2% 0 2%; border-width:0px; height:101px; margin-top: 14px;\">\n                <a href=\"https:\/\/apelndp95880.wordpress.com\/\" target=\"_blank\" style=\"font-size: 0.7em; line-height: 15px;\" rel=\"noopener\">\n                    <img decoding=\"async\" class=\"image\" src=\"https:\/\/ndp-enghien.org\/Newsite\/wp-content\/uploads\/2025\/06\/cropped-cropped-logo_250_2.jpg\" width=\"60%\">\n                    \n            <\/div>\n\n            <!-- pastorale -->\n            <div class=\"col-md-12 brique bleu col-xs-12 projeteta\"\n                 style=\"padding: 5px 2% 0 2%; margin-top:14px; height:101px; border-width:0px;\">\n                <a href=\"https:\/\/ndp-enghien.org\/pastorale\/\" target=\"_blank\" rel=\"noopener\">\n                    PASTORALE\n                <\/a>\n            <\/div>\n        <\/div>\n    <\/div>\n\n\n\n    <!-- Milieu du site sous la vid\u00e9o -->\n    <div class=\"col-md-5 col-xs-12\" style=\"margin:10px 0px 0px 0px; text-align:center; margin-right:2.5%;\">\n\n        <div class=\"col-md-12 col-xs-12\">\n\n            <!-- Bloc d'informations rouge -->\n            <div class=\"col-md-5 col-xs-6 briquenoanimation rouge\" style=\"border-width:0px; height: 200px; margin-right: 15px;\">\n                <p>\n                    COLLEGE LYCEE\n                    <br>\n                    NOTRE DAME PROVIDENCE\n                    <br>\n                    <br>\n                    <span class=\"petitepolice\">\n                    9 Boulevard Sadi Carnot\n                    <br>\n                    95880 ENGHIEN-LES-BAINS\n                    <br>\n                    Tel : 01 34 12 63 78\n                <\/span>\n                <\/p>\n            <\/div>\n\n            <!-- Bloc d'informations bleu -->\n            <div class=\"col-md-5 col-xs-6 briquenoanimation bleu\" style=\" border-width:0px; height: 200px;\">\n                <p>\n                    ACCUEIL TELEPHONIQUE <br> ET SECRETARIAT\n                    <br>\n                    <br>\n                    <span class=\"petitepolice\">\n                    Du lundi au vendredi :\n                    <br>\n                    de <b>7h30 \u00e0 18h00<\/b>\n                    <br>\n                    Le mercredi jusqu&rsquo;\u00e0 <b>16h00<\/b>\n                <\/span>\n                <\/p>\n            <\/div>\n        <\/div>\n    <\/div>\n\n\n\n    <div class=\"col-md-3 col-xs-12\" style=\"border-width:0px; text-align:center;\">\n\n        <style type=\"text\/css\">\n\n            .carre{\n                width:100%;\n            }\n            .apel {\n                width:60%;\n            }\n\n        <\/style>\n\n        <!-- LE SITE DE L'ECOLE -->\n        <div class=\"col-md-8 brique bleu col-xs-8 apel\"\n             style=\"border-width:0px; margin-top:14px; margin-right:5%; text-align:center; height:215px;\">\n            <a href=\"https:\/\/stlouisstetherese.toutemonecole.fr\/\" target=\"_blank\" rel=\"noopener\">\n                <img decoding=\"async\" class=\"image\" src=\"https:\/\/ndp-enghien.org\/Newsite\/wp-content\/uploads\/2025\/02\/2406_logos_ecole_maternelle_elementaire.png\" width=\"60%\">\n                    \n<p>LE SITE DE L&rsquo;ECOLE<\/p>\n            <\/a>\n        <\/div>\n\n        <div class=\"col-md-4 col-xs-4 \" style=\"border-width:0px;\">\n\n            <!-- Direction dioc\u00e9saine du Val d'Oise -->\n            <div class=\"col-md-12 brique col-xs-12 vert carre\"\n                 style=\"padding: 5px 2% 0 2%; border-width:0px; height:101px; margin-top: 14px;\">\n                <a href=\"http:\/\/www.ddec95.org\/\" target=\"_blank\" style=\"font-size: 0.7em; line-height: 15px;\" rel=\"noopener\">\n                    <img decoding=\"async\" class=\"image\" src=\"images\/v3.png\" width=\"60%\">\n                    Direction dioc\u00e9saine<\/a>\n            <\/div>\n\n            <!-- RESTAURATION-->\n            <div class=\"col-md-12 brique vert col-xs-12 carre\"\n                 style=\"padding: 5px 2% 0 2%; margin-top:14px; height:101px; border-width:0px;\">\n                <a href=\"https:\/\/sites.google.com\/api-restauration.com\/ndprovidence\" target=\"_blank\" style=\"font-size: 0.7em; line-height: 15px;\" rel=\"noopener\">\n                    <img decoding=\"async\" class=\"image\" src=\"https:\/\/ndp-enghien.org\/Newsite\/wp-content\/uploads\/2024\/08\/API.png\" width=\"50%\">\n                    <br>restauration<\/a>\n            <\/div>\n        <\/div>\n    <\/div>\n<\/div>\n\n<div class=\"col-md-3 col-xs-3\">\n\n<\/div>\n\n<div class=\"col-md-6 col-xs-12 slider\" style=\"border-width:0px; margin-top: 4%;\">\n    \n<\/div>\n\n\n\n<!-- ====== MODAL BTS INSCRIPTIONS ======\nInstruction pour cacher\/afficher dans teams general\/developpement\/projet\/site clndp\/D\u00e9sactiver popup sur le site accueil  -->\n<style>\n    \/* ==========================================================================\n       MODAL BTS - INSCRIPTIONS\n       ========================================================================== *\/\n    .bts-modal-overlay {\n        position: fixed;\n        inset: 0;\n        background: rgba(0, 0, 0, 0.6);\n        backdrop-filter: blur(6px);\n        z-index: 99999;\n        display: flex;\n        align-items: center;\n        justify-content: center;\n        opacity: 0;\n        visibility: hidden;\n        transition: opacity 0.35s ease, visibility 0.35s ease;\n    }\n\n    .bts-modal-overlay.active {\n        opacity: 1;\n        visibility: visible;\n    }\n\n    .bts-modal {\n        background: linear-gradient(135deg, #1a1a3e 0%, #2a2a6e 50%, #3a3a8e 100%);\n        border: 2px solid rgba(160, 160, 220, 0.5);\n        border-radius: 20px;\n        padding: 45px 40px 35px;\n        max-width: 520px;\n        width: 90%;\n        position: relative;\n        box-shadow: 0 25px 60px rgba(0, 0, 0, 0.5), 0 0 40px rgba(128, 128, 200, 0.15);\n        transform: translateY(30px) scale(0.95);\n        transition: transform 0.4s cubic-bezier(0.34, 1.56, 0.64, 1);\n        text-align: center;\n    }\n\n    .bts-modal-overlay.active .bts-modal {\n        transform: translateY(0) scale(1);\n    }\n\n    .bts-modal-close {\n        position: absolute;\n        top: 14px;\n        right: 16px;\n        background: rgba(255, 255, 255, 0.1);\n        border: 1px solid rgba(255, 255, 255, 0.2);\n        color: #fff;\n        width: 34px;\n        height: 34px;\n        border-radius: 50%;\n        font-size: 18px;\n        cursor: pointer;\n        display: flex;\n        align-items: center;\n        justify-content: center;\n        transition: background 0.2s, transform 0.2s;\n    }\n\n    .bts-modal-close:hover {\n        background: rgba(255, 255, 255, 0.2);\n        transform: scale(1.1);\n    }\n\n    .bts-modal-badge {\n        display: inline-block;\n        background: #fa7857;\n        color: #fff;\n        font-size: 12px;\n        font-weight: 700;\n        letter-spacing: 1.5px;\n        text-transform: uppercase;\n        padding: 5px 16px;\n        border-radius: 20px;\n        margin-bottom: 18px;\n    }\n\n    .bts-modal-logo {\n        width: 80px;\n        height: 80px;\n        border-radius: 16px;\n        object-fit: cover;\n        margin: 0 auto 18px;\n        display: block;\n        border: 2px solid rgba(160, 160, 220, 0.4);\n    }\n\n    .bts-modal h3 {\n        font-size: 26px;\n        font-weight: 800;\n        color: #fff;\n        margin: 0 0 8px;\n        line-height: 1.2;\n    }\n\n    .bts-modal h3 span {\n        color: #a0a0dc;\n    }\n\n    .bts-modal-subtitle {\n        color: rgba(255, 255, 255, 0.6);\n        font-size: 15px;\n        margin: 0 0 24px;\n        line-height: 1.5;\n    }\n\n    .bts-modal-cta {\n        display: inline-block;\n        background: #8080c0;\n        color: #fff;\n        font-size: 15px;\n        font-weight: 700;\n        padding: 14px 36px;\n        border-radius: 12px;\n        border: none;\n        cursor: pointer;\n        transition: background 0.2s, transform 0.2s, box-shadow 0.2s;\n        text-decoration: none !important;\n    }\n\n    .bts-modal-cta:hover {\n        background: #6a6aaa;\n        transform: translateY(-2px);\n        box-shadow: 0 8px 24px rgba(128, 128, 192, 0.4);\n    }\n\n    .bts-modal-dismiss {\n        display: block;\n        margin-top: 14px;\n        background: none;\n        border: none;\n        color: rgba(255, 255, 255, 0.4);\n        font-size: 13px;\n        cursor: pointer;\n        transition: color 0.2s;\n    }\n\n    .bts-modal-dismiss:hover {\n        color: rgba(255, 255, 255, 0.7);\n    }\n\n    @media (max-width: 500px) {\n        .bts-modal {\n            padding: 35px 24px 28px;\n        }\n        .bts-modal h3 {\n            font-size: 22px;\n        }\n        .bts-modal-cta {\n            padding: 12px 28px;\n            font-size: 14px;\n        }\n    }\n<\/style>\n<div class=\"bts-modal-overlay\" id=\"btsModal\">\n    <div class=\"bts-modal\">\n        <button class=\"bts-modal-close\" id=\"btsModalClose\" aria-label=\"Fermer\">&times;<\/button>\n        <span class=\"bts-modal-badge\">Nouveau<\/span>\n        <img decoding=\"async\" class=\"bts-modal-logo\"\n             src=\"https:\/\/ndp-enghien.org\/Newsite\/wp-content\/uploads\/2026\/02\/logo-provisoire-BTS.jpg\"\n             alt=\"Logo BTS\">\n        <h3>Les inscriptions au <span>BTS<\/span> sont ouvertes !<\/h3>\n        <p class=\"bts-modal-subtitle\">\n            Notre nouvelle formation BTS accueille ses premiers \u00e9tudiants.<br>\n            Rejoignez-nous d\u00e8s maintenant pour la rentr\u00e9e 2026.\n        <\/p>\n        <a href=\"https:\/\/bts.artfx.school\/\" target=\"_blank\" class=\"bts-modal-cta\">En savoir plus<\/a>\n    <\/div>\n<\/div>\n\n","protected":false},"excerpt":{"rendered":"<p>Inscription PASTORALE COLLEGE LYCEE NOTRE DAME PROVIDENCE 9 Boulevard Sadi Carnot 95880 ENGHIEN-LES-BAINS Tel : 01 34 12 63 78 ACCUEIL TELEPHONIQUE ET SECRETARIAT Du lundi au vendredi : de 7h30 \u00e0 18h00 Le mercredi jusqu&rsquo;\u00e0 16h00 LE SITE DE L&rsquo;ECOLE Direction dioc\u00e9saine restauration &times; Nouveau Les inscriptions au BTS sont ouvertes ! Notre nouvelle &#8230; <a href=\"https:\/\/ndp-enghien.org\/Newsite\/\" class=\"more-link\">Read More<span class=\"screen-reader-text\"> \u00ab\u00a0Accueil\u00a0\u00bb<\/span> &raquo;<\/a><\/p>\n","protected":false},"author":1,"featured_media":0,"parent":0,"menu_order":0,"comment_status":"closed","ping_status":"closed","template":"page-templates\/full.php","meta":{"footnotes":""},"class_list":["post-306","page","type-page","status-publish","hentry"],"_links":{"self":[{"href":"https:\/\/ndp-enghien.org\/Newsite\/wp-json\/wp\/v2\/pages\/306","targetHints":{"allow":["GET"]}}],"collection":[{"href":"https:\/\/ndp-enghien.org\/Newsite\/wp-json\/wp\/v2\/pages"}],"about":[{"href":"https:\/\/ndp-enghien.org\/Newsite\/wp-json\/wp\/v2\/types\/page"}],"author":[{"embeddable":true,"href":"https:\/\/ndp-enghien.org\/Newsite\/wp-json\/wp\/v2\/users\/1"}],"replies":[{"embeddable":true,"href":"https:\/\/ndp-enghien.org\/Newsite\/wp-json\/wp\/v2\/comments?post=306"}],"version-history":[{"count":239,"href":"https:\/\/ndp-enghien.org\/Newsite\/wp-json\/wp\/v2\/pages\/306\/revisions"}],"predecessor-version":[{"id":2201,"href":"https:\/\/ndp-enghien.org\/Newsite\/wp-json\/wp\/v2\/pages\/306\/revisions\/2201"}],"wp:attachment":[{"href":"https:\/\/ndp-enghien.org\/Newsite\/wp-json\/wp\/v2\/media?parent=306"}],"curies":[{"name":"wp","href":"https:\/\/api.w.org\/{rel}","templated":true}]}}