{"id":582,"date":"2024-06-10T16:45:58","date_gmt":"2024-06-10T14:45:58","guid":{"rendered":"https:\/\/ndp-enghien.org\/Newsite\/?page_id=582"},"modified":"2024-06-10T16:58:20","modified_gmt":"2024-06-10T14:58:20","slug":"projet-detablissement","status":"publish","type":"page","link":"https:\/\/ndp-enghien.org\/Newsite\/projet-detablissement\/","title":{"rendered":"PROJET D&rsquo;ETABLISSEMENT"},"content":{"rendered":"<p><span style=\"font-family: georgia, palatino, serif;\">Le projet d&rsquo;\u00e9tablissement pr\u00e9sente les orientations et valeurs \u00e9ducatives et p\u00e9dagogiques de notre \u00e9tablissement.<\/span><\/p>\n<p><span style=\"font-family: georgia, palatino, serif;\"><em>Il est actuellement en cours de r\u00e9\u00e9criture.<\/em><\/span><\/p>\n\n\n<div data-wp-interactive=\"core\/file\" class=\"wp-block-file\"><object data-wp-bind--hidden=\"!state.hasPdfPreview\" hidden class=\"wp-block-file__embed\" data=\"https:\/\/ndp-enghien.org\/Newsite\/wp-content\/uploads\/2024\/06\/projet2.pdf\" type=\"application\/pdf\" style=\"width:100%;height:1190px\" aria-label=\"Contenu embarqu\u00e9 projet2.\"><\/object><a id=\"wp-block-file--media-becc50fc-1085-488d-bff7-2664af423236\" href=\"https:\/\/ndp-enghien.org\/Newsite\/wp-content\/uploads\/2024\/06\/projet2.pdf\">projet2<\/a><a href=\"https:\/\/ndp-enghien.org\/Newsite\/wp-content\/uploads\/2024\/06\/projet2.pdf\" class=\"wp-block-file__button wp-element-button\" download aria-describedby=\"wp-block-file--media-becc50fc-1085-488d-bff7-2664af423236\">T\u00e9l\u00e9charger<\/a><\/div>\n","protected":false},"excerpt":{"rendered":"<p>Le projet d&rsquo;\u00e9tablissement pr\u00e9sente les orientations et valeurs \u00e9ducatives et p\u00e9dagogiques de notre \u00e9tablissement. Il est actuellement en cours de r\u00e9\u00e9criture.<\/p>\n","protected":false},"author":1,"featured_media":0,"parent":0,"menu_order":0,"comment_status":"closed","ping_status":"closed","template":"","meta":{"footnotes":""},"class_list":["post-582","page","type-page","status-publish","hentry"],"_links":{"self":[{"href":"https:\/\/ndp-enghien.org\/Newsite\/wp-json\/wp\/v2\/pages\/582","targetHints":{"allow":["GET"]}}],"collection":[{"href":"https:\/\/ndp-enghien.org\/Newsite\/wp-json\/wp\/v2\/pages"}],"about":[{"href":"https:\/\/ndp-enghien.org\/Newsite\/wp-json\/wp\/v2\/types\/page"}],"author":[{"embeddable":true,"href":"https:\/\/ndp-enghien.org\/Newsite\/wp-json\/wp\/v2\/users\/1"}],"replies":[{"embeddable":true,"href":"https:\/\/ndp-enghien.org\/Newsite\/wp-json\/wp\/v2\/comments?post=582"}],"version-history":[{"count":2,"href":"https:\/\/ndp-enghien.org\/Newsite\/wp-json\/wp\/v2\/pages\/582\/revisions"}],"predecessor-version":[{"id":614,"href":"https:\/\/ndp-enghien.org\/Newsite\/wp-json\/wp\/v2\/pages\/582\/revisions\/614"}],"wp:attachment":[{"href":"https:\/\/ndp-enghien.org\/Newsite\/wp-json\/wp\/v2\/media?parent=582"}],"curies":[{"name":"wp","href":"https:\/\/api.w.org\/{rel}","templated":true}]}}