{"id":725,"date":"2024-06-13T15:47:27","date_gmt":"2024-06-13T13:47:27","guid":{"rendered":"https:\/\/ndp-enghien.org\/Newsite\/?page_id=725"},"modified":"2025-11-18T11:22:21","modified_gmt":"2025-11-18T10:22:21","slug":"p-p-m-s","status":"publish","type":"page","link":"https:\/\/ndp-enghien.org\/Newsite\/p-p-m-s\/","title":{"rendered":"P.P.M.S"},"content":{"rendered":"\t\t<div data-elementor-type=\"wp-page\" data-elementor-id=\"725\" class=\"elementor elementor-725\">\n\t\t\t\t<div class=\"elementor-element elementor-element-071440b e-flex e-con-boxed e-con e-parent\" data-id=\"071440b\" data-element_type=\"container\" data-e-type=\"container\">\n\t\t\t\t\t<div class=\"e-con-inner\">\n\t\t\t\t<div class=\"elementor-element elementor-element-7049b14 elementor-widget elementor-widget-heading\" data-id=\"7049b14\" data-element_type=\"widget\" data-e-type=\"widget\" data-widget_type=\"heading.default\">\n\t\t\t\t<div class=\"elementor-widget-container\">\n\t\t\t\t\t<h2 class=\"elementor-heading-title elementor-size-default\"><span style=\"font-size: 23.8px\">Plan Particulier de Mise en Suret\u00e9<\/span><\/h2>\t\t\t\t<\/div>\n\t\t\t\t<\/div>\n\t\t\t\t\t<\/div>\n\t\t\t\t<\/div>\n\t\t<div class=\"elementor-element elementor-element-caa6bc9 e-flex e-con-boxed e-con e-parent\" data-id=\"caa6bc9\" data-element_type=\"container\" data-e-type=\"container\">\n\t\t\t\t\t<div class=\"e-con-inner\">\n\t\t\t\t<div class=\"elementor-element elementor-element-3ab4fa9 elementor-widget elementor-widget-text-editor\" data-id=\"3ab4fa9\" data-element_type=\"widget\" data-e-type=\"widget\" data-widget_type=\"text-editor.default\">\n\t\t\t\t<div class=\"elementor-widget-container\">\n\t\t\t\t\t\t\t\t\t<h2 style=\"font-family: Roboto, sans-serif; color: #54595f; font-weight: 300; text-align: justify;\" data-elementor-setting-key=\"title\" data-pen-placeholder=\"\u00c9crivez ici...\"><span style=\"font-size: 14pt;\">Les \u00e9coles et les \u00e9tablissements scolaires peuvent \u00eatre confront\u00e9s \u00e0 des accidents majeurs susceptibles de causer de graves dommages aux personnes et aux biens. (<a href=\"https:\/\/www.youtube.com\/watch?v=oM7SRcj_Utg\" target=\"_blank\" rel=\"noopener\"><em>Qu&rsquo;est-ce qu&rsquo;un accident majeur ?)<\/em><\/a><\/span><\/h2><h2 style=\"font-family: Roboto, sans-serif; color: #54595f; text-align: justify;\" data-elementor-setting-key=\"title\" data-pen-placeholder=\"\u00c9crivez ici...\"><a href=\"https:\/\/www.youtube.com\/watch?v=cbvRVjIqpuw\" target=\"_blank\" rel=\"noopener\"><span style=\"font-size: 14pt;\">Les Plans particuliers de mise en s\u00fbret\u00e9 (PPMS) doivent permettre la mise en \u0153uvre des mesures de sauvegarde des \u00e9l\u00e8ves et des personnels en attendant l&rsquo;arriv\u00e9e des secours ou le retour \u00e0 une situation normale.<\/span><\/a><\/h2><h2 style=\"font-family: Roboto, sans-serif; color: #54595f; font-weight: 300; text-align: justify;\" data-elementor-setting-key=\"title\" data-pen-placeholder=\"\u00c9crivez ici...\"><span style=\"font-size: 14pt;\">Il d\u00e9finit au sein de l\u2019\u00e9cole le r\u00f4le de chacun, les proc\u00e9dures de regroupement, les actions \u00e0 mener, la mise en s\u00fbret\u00e9 des \u00e9l\u00e8ves.<\/span><\/h2><h2 style=\"font-family: Roboto, sans-serif; color: #54595f; font-weight: 300; text-align: justify;\" data-elementor-setting-key=\"title\" data-pen-placeholder=\"\u00c9crivez ici...\"><span style=\"font-size: 14pt;\">L&rsquo;\u00e9tablissement a r\u00e9dig\u00e9 un PPMS pour chaque site (Ecole, Coll\u00e8ge 6.5.4, Coll\u00e8ge 3e, Lyc\u00e9e), en tenant compte des risques majeurs d\u00e9finis pour la commune (Temp\u00eate, \u00e9v\u00e8nement climatique, inondations, mouvements de terrain, transport de mati\u00e8res dangereuses), ainsi que du risque attentat\/intrusion.<\/span><\/h2><h2 style=\"font-family: Roboto, sans-serif; color: #54595f; text-align: justify;\" data-elementor-setting-key=\"title\" data-pen-placeholder=\"\u00c9crivez ici...\"><span style=\"font-size: 14pt;\">Des <a href=\"https:\/\/www.youtube.com\/watch?v=_tGSdx6kY20\" target=\"_blank\" rel=\"noopener\">exercices<\/a> sont organis\u00e9s r\u00e9guli\u00e8rement, 2 ou 3 par an; Vous serez inform\u00e9s par avance de la date et du th\u00e8me de chaque exercice.<\/span><\/h2><h2 style=\"font-family: Roboto, sans-serif; color: #54595f; font-weight: 300; text-align: justify;\" data-elementor-setting-key=\"title\" data-pen-placeholder=\"\u00c9crivez ici...\"><span style=\"font-size: 14pt;\">Que ce soit un exercice ou une r\u00e9elle alerte, vous devez respecter certaines consignes :<\/span><\/h2><p><span style=\"font-size: 14pt; color: #ff0000;\"><strong>N\u2019allez pas chercher imm\u00e9diatement votre enfant pour ne pas l\u2019exposer, ni vous exposer \u00e0 toutes sortes de risques. N\u2019attendez pas votre enfant devant l\u2019\u00e9tablissement, venez le chercher uniquement lorsque les autorit\u00e9s vous inviteront \u00e0 le faire.\u00a0<\/strong><em><span style=\"color: #000000;\">Les \u00e9l\u00e8ves sont entre les meilleurs mains possibles, les personnes qui les encadrent sont habitu\u00e9es et form\u00e9es \u00e0 ces situations.<\/span><\/em><\/span><\/p><p><span style=\"font-size: 14pt; color: #ff0000;\"><strong>Des consignes peuvent vous \u00eatre communiqu\u00e9es par l\u2019\u00e9tablissement, les autorit\u00e9s acad\u00e9miques ou la pr\u00e9fecture. Surveillez les informations officielles (Ecole directe, site de l&rsquo;\u00e9tablissement, r\u00e9seaux sociaux de la pr\u00e9fecture\u2026)<\/strong><\/span><\/p><p><span style=\"font-size: 14pt; color: #ff0000;\"><strong>Ne t\u00e9l\u00e9phonez pas, n\u2019encombrez pas les r\u00e9seaux afin que les secours puissent s\u2019organiser rapidement.<\/strong><\/span><\/p><p><span style=\"font-size: 14pt; color: #ff0000;\"><strong>Recevez avec prudence les informations souvent parcellaires ou subjectives n\u2019\u00e9manant pas des autorit\u00e9s<\/strong><strong>.\u00a0<\/strong><em><span style=\"color: #000000;\">Les autorit\u00e9s communiquent avec les cellules de crise des \u00e9tablissements, en charge de communiquer les consignes; la perception de la situation par les \u00e9l\u00e8ves peut \u00eatre diff\u00e9rente de la r\u00e9alit\u00e9.\u00a0<\/span><\/em><\/span><\/p><p><span style=\"font-weight: bold; font-size: 14pt; color: #0081c6;\">Aucun enfant ne sortira de l\u2019\u00e9tablissement durant les alertes.<\/span><\/p>\t\t\t\t\t\t\t\t<\/div>\n\t\t\t\t<\/div>\n\t\t\t\t\t<\/div>\n\t\t\t\t<\/div>\n\t\t<div class=\"elementor-element elementor-element-d2f9aa0 e-flex e-con-boxed e-con e-parent\" data-id=\"d2f9aa0\" data-element_type=\"container\" data-e-type=\"container\">\n\t\t\t\t\t<div class=\"e-con-inner\">\n\t\t\t\t<div class=\"elementor-element elementor-element-f9dd3c3 elementor-widget elementor-widget-image\" data-id=\"f9dd3c3\" data-element_type=\"widget\" data-e-type=\"widget\" data-widget_type=\"image.default\">\n\t\t\t\t<div class=\"elementor-widget-container\">\n\t\t\t\t\t\t\t\t\t\t\t\t\t\t\t<img fetchpriority=\"high\" decoding=\"async\" width=\"640\" height=\"406\" src=\"https:\/\/ndp-enghien.org\/Newsite\/wp-content\/uploads\/2024\/06\/afficheppms-1024x649.jpg\" class=\"attachment-large size-large wp-image-741\" alt=\"\" srcset=\"https:\/\/ndp-enghien.org\/Newsite\/wp-content\/uploads\/2024\/06\/afficheppms-1024x649.jpg 1024w, https:\/\/ndp-enghien.org\/Newsite\/wp-content\/uploads\/2024\/06\/afficheppms-300x190.jpg 300w, https:\/\/ndp-enghien.org\/Newsite\/wp-content\/uploads\/2024\/06\/afficheppms-768x486.jpg 768w, https:\/\/ndp-enghien.org\/Newsite\/wp-content\/uploads\/2024\/06\/afficheppms-1536x973.jpg 1536w, https:\/\/ndp-enghien.org\/Newsite\/wp-content\/uploads\/2024\/06\/afficheppms-2048x1297.jpg 2048w\" sizes=\"(max-width: 640px) 100vw, 640px\" \/>\t\t\t\t\t\t\t\t\t\t\t\t\t\t\t<\/div>\n\t\t\t\t<\/div>\n\t\t\t\t\t<\/div>\n\t\t\t\t<\/div>\n\t\t<div class=\"elementor-element elementor-element-34376dd e-flex e-con-boxed e-con e-parent\" data-id=\"34376dd\" data-element_type=\"container\" data-e-type=\"container\">\n\t\t\t\t\t<div class=\"e-con-inner\">\n\t\t\t\t<div class=\"elementor-element elementor-element-5b2e869 elementor-widget__width-initial elementor-widget elementor-widget-text-editor\" data-id=\"5b2e869\" data-element_type=\"widget\" data-e-type=\"widget\" data-widget_type=\"text-editor.default\">\n\t\t\t\t<div class=\"elementor-widget-container\">\n\t\t\t\t\t\t\t\t\t<p style=\"text-align: center;\"><b>Pour aller plus loin :\u00a0 : <br \/><\/b><b><br \/><\/b><span style=\"color: #0000ff;\"><a style=\"color: #0000ff;\" href=\"https:\/\/ndp-enghien.org\/images\/exercice_ppms.pdf\" target=\"_blank\" rel=\"noopener\"><span style=\"font-family: var( --e-global-typography-text-font-family ), Sans-serif; font-weight: var( --e-global-typography-text-font-weight ); font-size: 1.0625rem;\">Exemple d&rsquo;exercice PPMS<\/span><\/a><br \/><a style=\"color: #0000ff;\" href=\"http:\/\/www.gouvernement.fr\/risques\" target=\"_blank\" rel=\"noopener\">Site du gouvernement<\/a><br \/><a style=\"color: #0000ff;\" href=\"https:\/\/www.georisques.gouv.fr\/\" target=\"_blank\" rel=\"noopener\">Site GEORISQUES<\/a><\/span><\/p>\t\t\t\t\t\t\t\t<\/div>\n\t\t\t\t<\/div>\n\t\t\t\t\t<\/div>\n\t\t\t\t<\/div>\n\t\t<div class=\"elementor-element elementor-element-0d722bd e-flex e-con-boxed e-con e-parent\" data-id=\"0d722bd\" data-element_type=\"container\" data-e-type=\"container\">\n\t\t\t\t\t<div class=\"e-con-inner\">\n\t\t\t\t<div class=\"elementor-element elementor-element-4acde12 elementor-widget elementor-widget-image\" data-id=\"4acde12\" data-element_type=\"widget\" data-e-type=\"widget\" data-widget_type=\"image.default\">\n\t\t\t\t<div class=\"elementor-widget-container\">\n\t\t\t\t\t\t\t\t\t\t\t\t\t\t\t<img decoding=\"async\" width=\"640\" height=\"676\" src=\"https:\/\/ndp-enghien.org\/Newsite\/wp-content\/uploads\/2024\/06\/infographie_plansecurite_624257.jpg\" class=\"attachment-large size-large wp-image-831\" alt=\"\" srcset=\"https:\/\/ndp-enghien.org\/Newsite\/wp-content\/uploads\/2024\/06\/infographie_plansecurite_624257.jpg 739w, https:\/\/ndp-enghien.org\/Newsite\/wp-content\/uploads\/2024\/06\/infographie_plansecurite_624257-284x300.jpg 284w\" sizes=\"(max-width: 640px) 100vw, 640px\" \/>\t\t\t\t\t\t\t\t\t\t\t\t\t\t\t<\/div>\n\t\t\t\t<\/div>\n\t\t\t\t\t<\/div>\n\t\t\t\t<\/div>\n\t\t<div class=\"elementor-element elementor-element-43b5229 e-flex e-con-boxed e-con e-parent\" data-id=\"43b5229\" data-element_type=\"container\" data-e-type=\"container\">\n\t\t\t\t\t<div class=\"e-con-inner\">\n\t\t\t\t<div class=\"elementor-element elementor-element-923b3be elementor-widget elementor-widget-text-editor\" data-id=\"923b3be\" data-element_type=\"widget\" data-e-type=\"widget\" data-widget_type=\"text-editor.default\">\n\t\t\t\t<div class=\"elementor-widget-container\">\n\t\t\t\t\t\t\t\t\t<p style=\"text-align: justify;\"><span style=\"font-weight: bold; text-align: center; color: #0000ff; font-family: var( --e-global-typography-text-font-family ), Sans-serif; font-size: 1.0625rem;\">\u00a0RISQUE PARTICULIER : LE RISQUE TERRORISTE<\/span><\/p><p style=\"text-align: justify;\">Nous sommes actuellement en vigilance URGENCE ATTENTAT du plan VIGIPIRATE.<\/p><p style=\"text-align: justify;\">Le plan VIGIPIRATE, cr\u00e9\u00e9 d\u00e8s 1978 en r\u00e9action \u00e0 l\u2019attaque de l\u2019a\u00e9roport d\u2019Orly par des terroristes palestiniens, vise \u00e0 organiser le dispositif fran\u00e7ais de lutte contre le terrorisme.<\/p><p style=\"text-align: justify;\">Pilot\u00e9 par le Premier ministre, ce plan associe secteur public, secteur priv\u00e9, collectivit\u00e9s territoriales et citoyens et vise, outre la vigilance, deux objectifs :<\/p><ul><li style=\"text-align: justify;\">La protection, en assurant en permanence une protection adapt\u00e9e des citoyens, du territoire et des int\u00e9r\u00eats de la France contre la menace, en France comme \u00e0 l\u2019\u00e9tranger. Apr\u00e8s une analyse de l\u2019\u00e9tat de la menace terroriste, le plan Vigipirate permet l\u2019activation d\u2019un certain nombre de mesures gradu\u00e9es.<\/li><li style=\"text-align: justify;\">La sensibilisation, en d\u00e9veloppant une culture de la vigilance et de la s\u00e9curit\u00e9 dans l\u2019ensemble de la soci\u00e9t\u00e9, afin de pr\u00e9venir ou d\u00e9velopper, le plus en amont possible, toute menace d\u2019action terroriste.<\/li><\/ul><p style=\"text-align: justify;\">\u00c0 ce titre, un certain nombre de disposition sont prises dans les \u00e9tablissements scolaires, concernant l&rsquo;accueil des \u00e9l\u00e8ves et des visiteurs, et un PPMS sp\u00e9cifique \u00ab\u00a0attentat\/intrusion\u00a0\u00bb est \u00e9labor\u00e9 afin d&rsquo;organiser la mise en s\u00e9curit\u00e9 de l&rsquo;ensemble des personnes pr\u00e9sentes dans l&rsquo;\u00e9tablissement.<\/p><p style=\"text-align: justify;\">Les mesures principales prises dans l&rsquo;\u00e9tablissement :\u00a0<\/p><ul><li style=\"text-align: justify;\">Aux abords de l\u2019\u00e9tablissement, les rassemblements sont interdits, car ils exposent leurs membres \u00e0 une menace d\u2019attaque directe<\/li><li style=\"text-align: justify;\">Une attention toute particuli\u00e8re est donn\u00e9e aux entr\u00e9es et sorties avec un adulte pr\u00e9sent<\/li><li style=\"text-align: justify;\">Le contr\u00f4le visuel des sacs peut \u00eatre effectu\u00e9 et en cas de refus l\u2019acc\u00e8s peut \u00eatre interdit par le chef d\u2019\u00e9tablissement<\/li><li style=\"text-align: justify;\">L\u2019identit\u00e9 des personnes ext\u00e9rieures \u00e0 l\u2019\u00e9tablissement continue \u00e0 \u00eatre syst\u00e9matiquement v\u00e9rifi\u00e9e\u00a0<\/li><li style=\"text-align: justify;\">Il est demand\u00e9 \u00e0 chacun de signaler tout comportement ou objet suspect, notamment aux abords de l\u2019\u00e9tablissement\u00a0<\/li><li style=\"text-align: justify;\">Les voyages et sorties scolaires restent autoris\u00e9s<\/li><\/ul><p style=\"text-align: justify;\"><b>En cas d&rsquo;alerte d&rsquo;une action terroriste, dans l&rsquo;\u00e9tablissement ou \u00e0 proximit\u00e9 de l&rsquo;\u00e9tablissement, le PPMS est activ\u00e9, et il pourra, par exemple, \u00eatre demand\u00e9 aux \u00e9l\u00e8ves de se mettre \u00e0 l&rsquo;abri en se confinant dans leur salle de classe.<\/b><\/p><p style=\"text-align: justify;\"><b>Des exercices PPMS sont organis\u00e9s tous les ans pour entrainer les \u00e9l\u00e8ves, les professeurs et les personnels.\u00a0<\/b><\/p><p style=\"text-align: center;\"><a href=\"https:\/\/www.youtube.com\/watch?v=MWkD8DI0-TQ\" target=\"_blank\" rel=\"noopener\">R\u00e9agir en cas d&rsquo;attaque terroriste<\/a><\/p>\t\t\t\t\t\t\t\t<\/div>\n\t\t\t\t<\/div>\n\t\t\t\t\t<\/div>\n\t\t\t\t<\/div>\n\t\t<div class=\"elementor-element elementor-element-7c1ac36 e-flex e-con-boxed e-con e-parent\" data-id=\"7c1ac36\" data-element_type=\"container\" data-e-type=\"container\">\n\t\t\t\t\t<div class=\"e-con-inner\">\n\t\t\t\t<div class=\"elementor-element elementor-element-85cc065 elementor-align-center elementor-widget elementor-widget-button\" data-id=\"85cc065\" data-element_type=\"widget\" data-e-type=\"widget\" data-widget_type=\"button.default\">\n\t\t\t\t<div class=\"elementor-widget-container\">\n\t\t\t\t\t\t\t\t\t<div class=\"elementor-button-wrapper\">\n\t\t\t\t\t<a class=\"elementor-button elementor-button-link elementor-size-sm\" href=\"https:\/\/www.gouvernement.fr\/risques\/reagir-en-cas-dattaque-terroriste\" target=\"_blank\">\n\t\t\t\t\t\t<span class=\"elementor-button-content-wrapper\">\n\t\t\t\t\t\t\t\t\t<span class=\"elementor-button-text\">En savoir plus<\/span>\n\t\t\t\t\t<\/span>\n\t\t\t\t\t<\/a>\n\t\t\t\t<\/div>\n\t\t\t\t\t\t\t\t<\/div>\n\t\t\t\t<\/div>\n\t\t\t\t\t<\/div>\n\t\t\t\t<\/div>\n\t\t\t\t<\/div>\n\t\t","protected":false},"excerpt":{"rendered":"<p>Plan Particulier de Mise en Suret\u00e9 Les \u00e9coles et les \u00e9tablissements scolaires peuvent \u00eatre confront\u00e9s \u00e0 des accidents majeurs susceptibles de causer de graves dommages aux personnes et aux biens. (Qu&rsquo;est-ce qu&rsquo;un accident majeur ?) Les Plans particuliers de mise en s\u00fbret\u00e9 (PPMS) doivent permettre la mise en \u0153uvre des mesures de sauvegarde des \u00e9l\u00e8ves &#8230; <a href=\"https:\/\/ndp-enghien.org\/Newsite\/p-p-m-s\/\" class=\"more-link\">Read More<span class=\"screen-reader-text\"> \u00ab\u00a0P.P.M.S\u00a0\u00bb<\/span> &raquo;<\/a><\/p>\n","protected":false},"author":1,"featured_media":0,"parent":0,"menu_order":0,"comment_status":"closed","ping_status":"closed","template":"","meta":{"footnotes":""},"class_list":["post-725","page","type-page","status-publish","hentry"],"_links":{"self":[{"href":"https:\/\/ndp-enghien.org\/Newsite\/wp-json\/wp\/v2\/pages\/725","targetHints":{"allow":["GET"]}}],"collection":[{"href":"https:\/\/ndp-enghien.org\/Newsite\/wp-json\/wp\/v2\/pages"}],"about":[{"href":"https:\/\/ndp-enghien.org\/Newsite\/wp-json\/wp\/v2\/types\/page"}],"author":[{"embeddable":true,"href":"https:\/\/ndp-enghien.org\/Newsite\/wp-json\/wp\/v2\/users\/1"}],"replies":[{"embeddable":true,"href":"https:\/\/ndp-enghien.org\/Newsite\/wp-json\/wp\/v2\/comments?post=725"}],"version-history":[{"count":97,"href":"https:\/\/ndp-enghien.org\/Newsite\/wp-json\/wp\/v2\/pages\/725\/revisions"}],"predecessor-version":[{"id":1702,"href":"https:\/\/ndp-enghien.org\/Newsite\/wp-json\/wp\/v2\/pages\/725\/revisions\/1702"}],"wp:attachment":[{"href":"https:\/\/ndp-enghien.org\/Newsite\/wp-json\/wp\/v2\/media?parent=725"}],"curies":[{"name":"wp","href":"https:\/\/api.w.org\/{rel}","templated":true}]}}