{"id":929,"date":"2024-06-17T14:01:21","date_gmt":"2024-06-17T12:01:21","guid":{"rendered":"https:\/\/ndp-enghien.org\/Newsite\/?page_id=929"},"modified":"2025-05-14T11:22:16","modified_gmt":"2025-05-14T09:22:16","slug":"mentions-legales","status":"publish","type":"page","link":"https:\/\/ndp-enghien.org\/Newsite\/mentions-legales\/","title":{"rendered":"Mentions l\u00e9gales"},"content":{"rendered":"<h2 style=\"box-sizing: border-box; color: #000000; margin: 0px 0px 20px; text-transform: uppercase; padding: 0px; font-variant-numeric: normal; font-variant-east-asian: normal; font-stretch: normal; font-size: 16px; line-height: 27px; font-family: Lato, Arial, Helvetica, sans-serif;\"><strong style=\"box-sizing: border-box;\"><em style=\"box-sizing: border-box;\"><span style=\"font-family: helvetica;\">EDITEUR<\/span><\/em><\/strong><\/h2>\n<p style=\"box-sizing: border-box; margin: 0px 0px 20px; color: #000000; font-family: Lato, Arial, Helvetica, sans-serif; font-size: 13px; padding-left: 30px;\"><span style=\"font-family: helvetica;\">Coll\u00e8ge Lyc\u00e9e Notre Dame PROVIDENCE<\/span><br \/>\n<span style=\"font-family: helvetica;\">9 bd Sadi CARNOT<\/span><br \/>\n<span style=\"font-family: helvetica;\">95880 ENGHIEN-LES-BAINS<\/span><br \/>\n<span style=\"font-family: helvetica;\">01 34 12 63 78<\/span><\/p>\n<p style=\"box-sizing: border-box; margin: 0px 0px 20px; color: #000000; font-family: Lato, Arial, Helvetica, sans-serif; font-size: 13px; padding-left: 30px;\"><span style=\"font-family: helvetica;\"><span style=\"box-sizing: border-box; color: #ff0000;\"><strong style=\"box-sizing: border-box;\"><span style=\"color: #3366ff;\">Conception graphique<\/span><br style=\"box-sizing: border-box;\" \/><\/strong><\/span>Coll\u00e8ge Lyc\u00e9e Notre Dame PROVIDENCE<\/span><\/p>\n<p style=\"box-sizing: border-box; margin: 0px 0px 20px; color: #000000; font-family: Lato, Arial, Helvetica, sans-serif; font-size: 13px; padding-left: 30px;\"><span style=\"box-sizing: border-box; color: #3366ff; font-family: helvetica;\"><strong style=\"box-sizing: border-box;\">Responsable publication<\/strong><\/span><br style=\"box-sizing: border-box;\" \/><span style=\"font-family: helvetica;\">Coll\u00e8ge Lyc\u00e9e Notre Dame PROVIDENCE &#8211; Service\u00a0informatique\u00a0<\/span><\/p>\n<p style=\"box-sizing: border-box; margin: 0px 0px 20px; color: #000000; font-family: Lato, Arial, Helvetica, sans-serif; font-size: 13px; padding-left: 30px;\"><span style=\"font-family: helvetica;\"><span style=\"box-sizing: border-box; color: #ff0000;\"><strong style=\"box-sizing: border-box;\"><span style=\"color: #3366ff;\">H\u00e9bergeur<\/span><br style=\"box-sizing: border-box;\" \/><\/strong><\/span>OVH &#8211;\u00a02 rue Kellermann &#8211; 59100 Roubaix &#8211;\u00a0https:\/\/www.ovhcloud.com\/fr\/<\/span><\/p>\n<h2 style=\"box-sizing: border-box; color: #000000; margin: 0px 0px 20px; text-transform: uppercase; padding: 0px; font-variant-numeric: normal; font-variant-east-asian: normal; font-stretch: normal; font-size: 16px; line-height: 27px; font-family: Lato, Arial, Helvetica, sans-serif;\"><span style=\"font-family: helvetica;\"><strong style=\"box-sizing: border-box;\"><em style=\"box-sizing: border-box;\">CONTENU DU SITE<\/em><\/strong><\/span><\/h2>\n<p><span style=\"color: #000000; font-family: helvetica;\"><span style=\"font-size: 13px;\">L&rsquo;ensemble de ce site rel\u00e8ve de la l\u00e9gislation fran\u00e7aise et internationale sur le droit d&rsquo;auteur et la propri\u00e9t\u00e9 intellectuelle. Tous les droits de reproduction sont r\u00e9serv\u00e9s, y compris pour les documents t\u00e9l\u00e9chargeables et les repr\u00e9sentations iconographiques et photographiques. La reproduction de tout ou partie de ce site sur un support \u00e9lectronique ou papier quel qu&rsquo;il soit est formellement interdite sauf autorisation expresse. Les marques cit\u00e9es sur ce site sont d\u00e9pos\u00e9es par les soci\u00e9t\u00e9s qui en sont propri\u00e9taires.<\/span><\/span><\/p>\n<p><span style=\"font-family: helvetica;\">Le site est mis \u00e0 jour r\u00e9guli\u00e8rement.<br \/>\n<\/span><span style=\"font-family: helvetica;\">Les mentions l\u00e9gales peuvent \u00eatre modifi\u00e9es \u00e0 tout moment : elles s\u2019imposent n\u00e9anmoins \u00e0 l\u2019utilisateur qui est invit\u00e9 \u00e0 s\u2019y r\u00e9f\u00e9rer le plus souvent possible afin d\u2019en prendre connaissance.<\/span><\/p>\n<p style=\"box-sizing: border-box; margin: 0px 0px 20px; color: #000000; font-family: Lato, Arial, Helvetica, sans-serif; font-size: 13px;\"><span style=\"font-family: helvetica;\">Le site\u00a0du Coll\u00e8ge lyc\u00e9e Notre Dame PROVIDENCE a pour objet de fournir une information concernant les activit\u00e9s de l&rsquo;\u00e9tablissement.<br \/>\n<\/span><span style=\"font-family: helvetica;\">Toutefois, l&rsquo;\u00e9tablissement ne pourra \u00eatre tenu responsable des omissions, des inexactitudes et des carences dans la mise \u00e0 jour, qu\u2019elles soient de son fait ou du fait des tiers partenaires qui lui fournissent ces informations.<\/span><\/p>\n<p style=\"box-sizing: border-box; margin: 0px 0px 20px; color: #000000; font-family: Lato, Arial, Helvetica, sans-serif; font-size: 13px;\"><span style=\"font-family: helvetica;\">Toutes les informations indiqu\u00e9es sur le site sont donn\u00e9es \u00e0 titre indicatif, et sont susceptibles d\u2019\u00e9voluer. Par ailleurs, les renseignements figurant sur le site ne sont pas exhaustifs. Ils sont donn\u00e9s sous r\u00e9serve de modifications ayant \u00e9t\u00e9 apport\u00e9es depuis leur mise en ligne.<\/span><\/p>\n<h2 style=\"box-sizing: border-box; color: #000000; margin: 0px 0px 20px; text-transform: uppercase; padding: 0px; font-variant-numeric: normal; font-variant-east-asian: normal; font-stretch: normal; font-size: 16px; line-height: 27px; font-family: Lato, Arial, Helvetica, sans-serif;\"><span style=\"font-family: helvetica;\"><em style=\"box-sizing: border-box;\">GESTION DES DONN\u00c9ES PERSONNELLES.<\/em><\/span><\/h2>\n<p style=\"box-sizing: border-box; margin: 0px 0px 20px; color: #000000; font-family: Lato, Arial, Helvetica, sans-serif; font-size: 13px;\"><span style=\"font-family: helvetica;\">Le site ne collecte aucune donn\u00e9e personnelle.<\/span><\/p>\n","protected":false},"excerpt":{"rendered":"<p>EDITEUR Coll\u00e8ge Lyc\u00e9e Notre Dame PROVIDENCE 9 bd Sadi CARNOT 95880 ENGHIEN-LES-BAINS 01 34 12 63 78 Conception graphiqueColl\u00e8ge Lyc\u00e9e Notre Dame PROVIDENCE Responsable publicationColl\u00e8ge Lyc\u00e9e Notre Dame PROVIDENCE &#8211; Service\u00a0informatique\u00a0 H\u00e9bergeurOVH &#8211;\u00a02 rue Kellermann &#8211; 59100 Roubaix &#8211;\u00a0https:\/\/www.ovhcloud.com\/fr\/ CONTENU DU SITE L&rsquo;ensemble de ce site rel\u00e8ve de la l\u00e9gislation fran\u00e7aise et internationale sur le &#8230; <a href=\"https:\/\/ndp-enghien.org\/Newsite\/mentions-legales\/\" class=\"more-link\">Read More<span class=\"screen-reader-text\"> \u00ab\u00a0Mentions l\u00e9gales\u00a0\u00bb<\/span> &raquo;<\/a><\/p>\n","protected":false},"author":1,"featured_media":0,"parent":0,"menu_order":0,"comment_status":"closed","ping_status":"closed","template":"","meta":{"footnotes":""},"class_list":["post-929","page","type-page","status-publish","hentry"],"_links":{"self":[{"href":"https:\/\/ndp-enghien.org\/Newsite\/wp-json\/wp\/v2\/pages\/929","targetHints":{"allow":["GET"]}}],"collection":[{"href":"https:\/\/ndp-enghien.org\/Newsite\/wp-json\/wp\/v2\/pages"}],"about":[{"href":"https:\/\/ndp-enghien.org\/Newsite\/wp-json\/wp\/v2\/types\/page"}],"author":[{"embeddable":true,"href":"https:\/\/ndp-enghien.org\/Newsite\/wp-json\/wp\/v2\/users\/1"}],"replies":[{"embeddable":true,"href":"https:\/\/ndp-enghien.org\/Newsite\/wp-json\/wp\/v2\/comments?post=929"}],"version-history":[{"count":2,"href":"https:\/\/ndp-enghien.org\/Newsite\/wp-json\/wp\/v2\/pages\/929\/revisions"}],"predecessor-version":[{"id":1637,"href":"https:\/\/ndp-enghien.org\/Newsite\/wp-json\/wp\/v2\/pages\/929\/revisions\/1637"}],"wp:attachment":[{"href":"https:\/\/ndp-enghien.org\/Newsite\/wp-json\/wp\/v2\/media?parent=929"}],"curies":[{"name":"wp","href":"https:\/\/api.w.org\/{rel}","templated":true}]}}